{"id":18,"date":"2022-02-26T17:13:27","date_gmt":"2022-02-26T16:13:27","guid":{"rendered":"https:\/\/coraliefevre-psychologue.com\/?page_id=18"},"modified":"2023-02-14T14:00:01","modified_gmt":"2023-02-14T13:00:01","slug":"les-consultations","status":"publish","type":"page","link":"https:\/\/coraliefevre-psychologue.com\/index.php\/les-consultations\/","title":{"rendered":"LES CONSULTATIONS"},"content":{"rendered":"\n<ul class=\"wp-block-list\">\n<li><strong><mark style=\"background-color:rgba(0, 0, 0, 0)\" class=\"has-inline-color has-medium-brown-color\">Pourquoi consulter ?<\/mark><\/strong><\/li>\n<\/ul>\n\n\n\n<p class=\"has-black-color has-text-color\"><mark style=\"background-color:rgba(0, 0, 0, 0)\" class=\"has-inline-color has-red-color\">Tout le monde peut \u00eatre amen\u00e9 \u00e0 consulter un psychologue, qu&rsquo;il s&rsquo;agisse d&rsquo;une p\u00e9riode de doutes dans son quotidien ou bien d&rsquo;une p\u00e9riode de souffrance plus chronique qui n\u00e9cessite un besoin d&rsquo;\u00eatre accompagn\u00e9. La psychoth\u00e9rapie offre un espace de parole et d&rsquo;\u00e9coute, dans un cadre bienveillant dans le but d&rsquo;aider la personne \u00e0 trouver des solutions pour soulager son mal-\u00eatre.<\/mark><\/p>\n\n\n\n<p class=\"has-black-color has-text-color\"><mark style=\"background-color:rgba(0, 0, 0, 0)\" class=\"has-inline-color has-red-color\">Si vous traversez des difficult\u00e9s au travail, des difficult\u00e9s relationnelles, une p\u00e9riode de deuil, un besoin de guidance parentale ou un besoin d&rsquo;offrir un espace neutre \u00e0 votre enfant ou votre ado, des s\u00e9ances de psychoth\u00e9rapie peuvent correspondre \u00e0 votre besoin.<\/mark><\/p>\n\n\n\n<p class=\"has-black-color has-text-color\"><mark style=\"background-color:rgba(0, 0, 0, 0)\" class=\"has-inline-color has-red-color\">Les consultations psychologiques sont ouvertes \u00e0 tous, quel que soit l&rsquo;\u00e2ge ou la raison pour laquelle vous avez besoin de soutien. Il est important de ne pas rester seul(e) et la demande de soutien psychologique repr\u00e9sente d\u00e9j\u00e0 un premier pas vers un aller mieux.<\/mark><\/p>\n\n\n\n<ul class=\"wp-block-list\">\n<li><strong><mark style=\"background-color:rgba(0, 0, 0, 0)\" class=\"has-inline-color has-medium-brown-color\">La premi\u00e8re s\u00e9ance<\/mark><\/strong><\/li>\n<\/ul>\n\n\n\n<p class=\"has-black-color has-text-color\"><mark style=\"background-color:rgba(0, 0, 0, 0)\" class=\"has-inline-color has-red-color\">La premi\u00e8re s\u00e9ance repr\u00e9sente un moment fort de l&rsquo;alliance th\u00e9rapeutique. C&rsquo;est apr\u00e8s cette s\u00e9ance que vous d\u00e9ciderez si vous souhaitez commencer un travail avec moi. Cette premi\u00e8re s\u00e9ance sera d\u00e9di\u00e9e \u00e0 faire connaissance, \u00e0 vous pr\u00e9senter mon cadre de travail et nous d\u00e9ciderons ensemble de la rythmicit\u00e9 \u00e0 donner \u00e0 nos rencontres. Ce temps d&rsquo;\u00e9change me permettra \u00e9galement de cibler vos besoins pour vous proposer un accompagnement adapt\u00e9 (soutien psychologique ponctuel, psychoth\u00e9rapie approfondie, s\u00e9ances en couple ou en famille).<\/mark><\/p>\n\n\n\n<p class=\"has-black-color has-text-color\"><mark style=\"background-color:rgba(0, 0, 0, 0)\" class=\"has-inline-color has-red-color\">Pour les consultations enfants\/ado, deux s\u00e9ances avec l&rsquo;enfant et ses parents seront n\u00e9cessaires afin de faire l&rsquo;anamn\u00e8se compl\u00e8te de la famille et \u00e9valuer de quel type d&rsquo;accompagnement votre enfant a besoin.<\/mark><\/p>\n\n\n\n<ul class=\"wp-block-list\">\n<li><strong><mark style=\"background-color:rgba(0, 0, 0, 0)\" class=\"has-inline-color has-medium-brown-color\">Le bilan d&rsquo;intelligence<\/mark><\/strong><\/li>\n<\/ul>\n\n\n\n<p class=\"has-black-color has-text-color\"><mark style=\"background-color:rgba(0, 0, 0, 0)\" class=\"has-inline-color has-red-color\">Je suis form\u00e9e \u00e0 la passation des \u00e9chelles d&rsquo;intelligence chez les enfants et les adultes. Ce bilan psychom\u00e9trique fait \u00e9tat du fonctionnement cognitif et permet d&rsquo;\u00e9laborer un profil intellectuel qui relate les comp\u00e9tences de la personne. La passation d&rsquo;un bilan psychom\u00e9trique s&rsquo;\u00e9tablie sur trois s\u00e9ances<\/mark>:<\/p>\n\n\n\n<p class=\"has-black-color has-text-color\"><mark style=\"background-color:rgba(0, 0, 0, 0)\" class=\"has-inline-color has-red-color\">&#8211; une s\u00e9ance de rencontre avec la personne ou avec l&rsquo;enfant et ses parents, avec une \u00e9valuation des besoins;<\/mark><\/p>\n\n\n\n<p class=\"has-black-color has-text-color\"><mark style=\"background-color:rgba(0, 0, 0, 0)\" class=\"has-inline-color has-red-color\">&#8211; une s\u00e9ance de passation du test avec le patient: pour les enfants, compter jusqu&rsquo;\u00e0 2H de passation, et pour les adultes jusqu&rsquo;\u00e0 3H;<\/mark><\/p>\n\n\n\n<p class=\"has-black-color has-text-color\"><mark style=\"background-color:rgba(0, 0, 0, 0)\" class=\"has-inline-color has-red-color\">&#8211; une s\u00e9ance de restitution des r\u00e9sultats avec compte-rendu \u00e9crit destin\u00e9 au patient ou aux parents et \u00e0 l&rsquo;enfant.<\/mark><\/p>\n\n\n\n<p><\/p>\n","protected":false},"excerpt":{"rendered":"<p>Tout le monde peut \u00eatre amen\u00e9 \u00e0 consulter un psychologue, qu&rsquo;il s&rsquo;agisse d&rsquo;une p\u00e9riode de doutes dans son quotidien ou bien d&rsquo;une p\u00e9riode de souffrance plus chronique qui n\u00e9cessite un besoin d&rsquo;\u00eatre accompagn\u00e9. La psychoth\u00e9rapie offre un espace de parole et d&rsquo;\u00e9coute, dans un cadre bienveillant dans le but d&rsquo;aider la personne \u00e0 trouver des &hellip; <a href=\"https:\/\/coraliefevre-psychologue.com\/index.php\/les-consultations\/\" class=\"more-link\">Continuer la lecture de <span class=\"screen-reader-text\">LES CONSULTATIONS<\/span> <span class=\"meta-nav\">&rarr;<\/span><\/a><\/p>\n","protected":false},"author":1,"featured_media":0,"parent":0,"menu_order":0,"comment_status":"closed","ping_status":"closed","template":"","meta":{"footnotes":""},"class_list":["post-18","page","type-page","status-publish","hentry"],"yoast_head":"<!-- This site is optimized with the Yoast SEO plugin v27.4 - https:\/\/yoast.com\/product\/yoast-seo-wordpress\/ -->\n<title>LES CONSULTATIONS - PSYCHOLOGUE ET PSYCHOTHERAPEUTE<\/title>\n<meta name=\"robots\" content=\"index, follow, max-snippet:-1, max-image-preview:large, max-video-preview:-1\" \/>\n<link rel=\"canonical\" href=\"https:\/\/coraliefevre-psychologue.com\/index.php\/les-consultations\/\" \/>\n<meta property=\"og:locale\" content=\"fr_FR\" \/>\n<meta property=\"og:type\" content=\"article\" \/>\n<meta property=\"og:title\" content=\"LES CONSULTATIONS - PSYCHOLOGUE ET PSYCHOTHERAPEUTE\" \/>\n<meta property=\"og:description\" content=\"Tout le monde peut \u00eatre amen\u00e9 \u00e0 consulter un psychologue, qu&rsquo;il s&rsquo;agisse d&rsquo;une p\u00e9riode de doutes dans son quotidien ou bien d&rsquo;une p\u00e9riode de souffrance plus chronique qui n\u00e9cessite un besoin d&rsquo;\u00eatre accompagn\u00e9. La psychoth\u00e9rapie offre un espace de parole et d&rsquo;\u00e9coute, dans un cadre bienveillant dans le but d&rsquo;aider la personne \u00e0 trouver des &hellip; Continuer la lecture de LES CONSULTATIONS &rarr;\" \/>\n<meta property=\"og:url\" content=\"https:\/\/coraliefevre-psychologue.com\/index.php\/les-consultations\/\" \/>\n<meta property=\"og:site_name\" content=\"PSYCHOLOGUE ET PSYCHOTHERAPEUTE\" \/>\n<meta property=\"article:publisher\" content=\"https:\/\/www.facebook.com\/coraliefevrepsychologue\" \/>\n<meta property=\"article:modified_time\" content=\"2023-02-14T13:00:01+00:00\" \/>\n<meta name=\"twitter:card\" content=\"summary_large_image\" \/>\n<meta name=\"twitter:label1\" content=\"Dur\u00e9e de lecture estim\u00e9e\" \/>\n\t<meta name=\"twitter:data1\" content=\"2 minutes\" \/>\n<script type=\"application\/ld+json\" class=\"yoast-schema-graph\">{\"@context\":\"https:\\\/\\\/schema.org\",\"@graph\":[{\"@type\":\"WebPage\",\"@id\":\"https:\\\/\\\/coraliefevre-psychologue.com\\\/index.php\\\/les-consultations\\\/\",\"url\":\"https:\\\/\\\/coraliefevre-psychologue.com\\\/index.php\\\/les-consultations\\\/\",\"name\":\"LES CONSULTATIONS - PSYCHOLOGUE ET PSYCHOTHERAPEUTE\",\"isPartOf\":{\"@id\":\"https:\\\/\\\/coraliefevre-psychologue.com\\\/#website\"},\"datePublished\":\"2022-02-26T16:13:27+00:00\",\"dateModified\":\"2023-02-14T13:00:01+00:00\",\"breadcrumb\":{\"@id\":\"https:\\\/\\\/coraliefevre-psychologue.com\\\/index.php\\\/les-consultations\\\/#breadcrumb\"},\"inLanguage\":\"fr-FR\",\"potentialAction\":[{\"@type\":\"ReadAction\",\"target\":[\"https:\\\/\\\/coraliefevre-psychologue.com\\\/index.php\\\/les-consultations\\\/\"]}]},{\"@type\":\"BreadcrumbList\",\"@id\":\"https:\\\/\\\/coraliefevre-psychologue.com\\\/index.php\\\/les-consultations\\\/#breadcrumb\",\"itemListElement\":[{\"@type\":\"ListItem\",\"position\":1,\"name\":\"Accueil\",\"item\":\"https:\\\/\\\/coraliefevre-psychologue.com\\\/\"},{\"@type\":\"ListItem\",\"position\":2,\"name\":\"LES CONSULTATIONS\"}]},{\"@type\":\"WebSite\",\"@id\":\"https:\\\/\\\/coraliefevre-psychologue.com\\\/#website\",\"url\":\"https:\\\/\\\/coraliefevre-psychologue.com\\\/\",\"name\":\"PSYCHOLOGUE ET PSYCHOTHERAPEUTE\",\"description\":\"Coralie FEVRE\",\"publisher\":{\"@id\":\"https:\\\/\\\/coraliefevre-psychologue.com\\\/#organization\"},\"potentialAction\":[{\"@type\":\"SearchAction\",\"target\":{\"@type\":\"EntryPoint\",\"urlTemplate\":\"https:\\\/\\\/coraliefevre-psychologue.com\\\/?s={search_term_string}\"},\"query-input\":{\"@type\":\"PropertyValueSpecification\",\"valueRequired\":true,\"valueName\":\"search_term_string\"}}],\"inLanguage\":\"fr-FR\"},{\"@type\":\"Organization\",\"@id\":\"https:\\\/\\\/coraliefevre-psychologue.com\\\/#organization\",\"name\":\"Psychologue Psychoth\u00e9rapeute\",\"url\":\"https:\\\/\\\/coraliefevre-psychologue.com\\\/\",\"logo\":{\"@type\":\"ImageObject\",\"inLanguage\":\"fr-FR\",\"@id\":\"https:\\\/\\\/coraliefevre-psychologue.com\\\/#\\\/schema\\\/logo\\\/image\\\/\",\"url\":\"https:\\\/\\\/coraliefevre-psychologue.com\\\/wp-content\\\/uploads\\\/2022\\\/02\\\/4.jpg\",\"contentUrl\":\"https:\\\/\\\/coraliefevre-psychologue.com\\\/wp-content\\\/uploads\\\/2022\\\/02\\\/4.jpg\",\"width\":1600,\"height\":1200,\"caption\":\"Psychologue Psychoth\u00e9rapeute\"},\"image\":{\"@id\":\"https:\\\/\\\/coraliefevre-psychologue.com\\\/#\\\/schema\\\/logo\\\/image\\\/\"},\"sameAs\":[\"https:\\\/\\\/www.facebook.com\\\/coraliefevrepsychologue\"]}]}<\/script>\n<!-- \/ Yoast SEO plugin. -->","yoast_head_json":{"title":"LES CONSULTATIONS - PSYCHOLOGUE ET PSYCHOTHERAPEUTE","robots":{"index":"index","follow":"follow","max-snippet":"max-snippet:-1","max-image-preview":"max-image-preview:large","max-video-preview":"max-video-preview:-1"},"canonical":"https:\/\/coraliefevre-psychologue.com\/index.php\/les-consultations\/","og_locale":"fr_FR","og_type":"article","og_title":"LES CONSULTATIONS - PSYCHOLOGUE ET PSYCHOTHERAPEUTE","og_description":"Tout le monde peut \u00eatre amen\u00e9 \u00e0 consulter un psychologue, qu&rsquo;il s&rsquo;agisse d&rsquo;une p\u00e9riode de doutes dans son quotidien ou bien d&rsquo;une p\u00e9riode de souffrance plus chronique qui n\u00e9cessite un besoin d&rsquo;\u00eatre accompagn\u00e9. La psychoth\u00e9rapie offre un espace de parole et d&rsquo;\u00e9coute, dans un cadre bienveillant dans le but d&rsquo;aider la personne \u00e0 trouver des &hellip; Continuer la lecture de LES CONSULTATIONS &rarr;","og_url":"https:\/\/coraliefevre-psychologue.com\/index.php\/les-consultations\/","og_site_name":"PSYCHOLOGUE ET PSYCHOTHERAPEUTE","article_publisher":"https:\/\/www.facebook.com\/coraliefevrepsychologue","article_modified_time":"2023-02-14T13:00:01+00:00","twitter_card":"summary_large_image","twitter_misc":{"Dur\u00e9e de lecture estim\u00e9e":"2 minutes"},"schema":{"@context":"https:\/\/schema.org","@graph":[{"@type":"WebPage","@id":"https:\/\/coraliefevre-psychologue.com\/index.php\/les-consultations\/","url":"https:\/\/coraliefevre-psychologue.com\/index.php\/les-consultations\/","name":"LES CONSULTATIONS - PSYCHOLOGUE ET PSYCHOTHERAPEUTE","isPartOf":{"@id":"https:\/\/coraliefevre-psychologue.com\/#website"},"datePublished":"2022-02-26T16:13:27+00:00","dateModified":"2023-02-14T13:00:01+00:00","breadcrumb":{"@id":"https:\/\/coraliefevre-psychologue.com\/index.php\/les-consultations\/#breadcrumb"},"inLanguage":"fr-FR","potentialAction":[{"@type":"ReadAction","target":["https:\/\/coraliefevre-psychologue.com\/index.php\/les-consultations\/"]}]},{"@type":"BreadcrumbList","@id":"https:\/\/coraliefevre-psychologue.com\/index.php\/les-consultations\/#breadcrumb","itemListElement":[{"@type":"ListItem","position":1,"name":"Accueil","item":"https:\/\/coraliefevre-psychologue.com\/"},{"@type":"ListItem","position":2,"name":"LES CONSULTATIONS"}]},{"@type":"WebSite","@id":"https:\/\/coraliefevre-psychologue.com\/#website","url":"https:\/\/coraliefevre-psychologue.com\/","name":"PSYCHOLOGUE ET PSYCHOTHERAPEUTE","description":"Coralie FEVRE","publisher":{"@id":"https:\/\/coraliefevre-psychologue.com\/#organization"},"potentialAction":[{"@type":"SearchAction","target":{"@type":"EntryPoint","urlTemplate":"https:\/\/coraliefevre-psychologue.com\/?s={search_term_string}"},"query-input":{"@type":"PropertyValueSpecification","valueRequired":true,"valueName":"search_term_string"}}],"inLanguage":"fr-FR"},{"@type":"Organization","@id":"https:\/\/coraliefevre-psychologue.com\/#organization","name":"Psychologue Psychoth\u00e9rapeute","url":"https:\/\/coraliefevre-psychologue.com\/","logo":{"@type":"ImageObject","inLanguage":"fr-FR","@id":"https:\/\/coraliefevre-psychologue.com\/#\/schema\/logo\/image\/","url":"https:\/\/coraliefevre-psychologue.com\/wp-content\/uploads\/2022\/02\/4.jpg","contentUrl":"https:\/\/coraliefevre-psychologue.com\/wp-content\/uploads\/2022\/02\/4.jpg","width":1600,"height":1200,"caption":"Psychologue Psychoth\u00e9rapeute"},"image":{"@id":"https:\/\/coraliefevre-psychologue.com\/#\/schema\/logo\/image\/"},"sameAs":["https:\/\/www.facebook.com\/coraliefevrepsychologue"]}]}},"_links":{"self":[{"href":"https:\/\/coraliefevre-psychologue.com\/index.php\/wp-json\/wp\/v2\/pages\/18","targetHints":{"allow":["GET"]}}],"collection":[{"href":"https:\/\/coraliefevre-psychologue.com\/index.php\/wp-json\/wp\/v2\/pages"}],"about":[{"href":"https:\/\/coraliefevre-psychologue.com\/index.php\/wp-json\/wp\/v2\/types\/page"}],"author":[{"embeddable":true,"href":"https:\/\/coraliefevre-psychologue.com\/index.php\/wp-json\/wp\/v2\/users\/1"}],"replies":[{"embeddable":true,"href":"https:\/\/coraliefevre-psychologue.com\/index.php\/wp-json\/wp\/v2\/comments?post=18"}],"version-history":[{"count":8,"href":"https:\/\/coraliefevre-psychologue.com\/index.php\/wp-json\/wp\/v2\/pages\/18\/revisions"}],"predecessor-version":[{"id":117,"href":"https:\/\/coraliefevre-psychologue.com\/index.php\/wp-json\/wp\/v2\/pages\/18\/revisions\/117"}],"wp:attachment":[{"href":"https:\/\/coraliefevre-psychologue.com\/index.php\/wp-json\/wp\/v2\/media?parent=18"}],"curies":[{"name":"wp","href":"https:\/\/api.w.org\/{rel}","templated":true}]}}